{"id":2,"date":"2023-11-08T16:25:17","date_gmt":"2023-11-08T15:25:17","guid":{"rendered":"https:\/\/mathis-backert.com\/Adwize\/?page_id=2"},"modified":"2025-12-04T15:34:10","modified_gmt":"2025-12-04T14:34:10","slug":"accueil","status":"publish","type":"page","link":"https:\/\/mathis-backert.com\/adwize\/","title":{"rendered":"Accueil"},"content":{"rendered":"<ul class=\"wp-block-latest-posts__list is-grid columns-2 has-dates ticss-2302b9fb wp-block-latest-posts\"><li><div class=\"wp-block-latest-posts__featured-image\"><a href=\"https:\/\/mathis-backert.com\/adwize\/retrobat-pas-de-son-en-jeu\/\" aria-label=\"RetroBat : pas de son au lancement des jeux \u2014 cause et solution compl\u00e8te\"><img decoding=\"async\" width=\"1024\" height=\"576\" data-src=\"https:\/\/mathis-backert.com\/adwize\/wp-content\/uploads\/maxresdefault-1024x576.jpg\" class=\"attachment-large size-large wp-post-image lazyload\" alt=\"\" data-srcset=\"https:\/\/mathis-backert.com\/adwize\/wp-content\/uploads\/maxresdefault-1024x576.jpg 1024w, https:\/\/mathis-backert.com\/adwize\/wp-content\/uploads\/maxresdefault-300x169.jpg 300w, https:\/\/mathis-backert.com\/adwize\/wp-content\/uploads\/maxresdefault-768x432.jpg 768w, https:\/\/mathis-backert.com\/adwize\/wp-content\/uploads\/maxresdefault.jpg 1280w\" data-sizes=\"(max-width: 1024px) 100vw, 1024px\" src=\"data:image\/svg+xml;base64,PHN2ZyB3aWR0aD0iMSIgaGVpZ2h0PSIxIiB4bWxucz0iaHR0cDovL3d3dy53My5vcmcvMjAwMC9zdmciPjwvc3ZnPg==\" style=\"--smush-placeholder-width: 1024px; --smush-placeholder-aspect-ratio: 1024\/576;\" \/><\/a><\/div><a class=\"wp-block-latest-posts__post-title\" href=\"https:\/\/mathis-backert.com\/adwize\/retrobat-pas-de-son-en-jeu\/\">RetroBat : pas de son au lancement des jeux \u2014 cause et solution compl\u00e8te<\/a><time datetime=\"2026-05-10T19:05:43+02:00\" class=\"wp-block-latest-posts__post-date\">10 mai 2026<\/time><div class=\"wp-block-latest-posts__post-excerpt\">Vous lancez RetroBat, tout semble fonctionner, Windows a bien du son, les \u00e9mulateurs ont du\u2026 <a class=\"wp-block-latest-posts__read-more\" href=\"https:\/\/mathis-backert.com\/adwize\/retrobat-pas-de-son-en-jeu\/\" rel=\"noopener noreferrer\">Lire la suite<span class=\"screen-reader-text\">\u00a0: RetroBat : pas de son au lancement des jeux \u2014 cause et solution compl\u00e8te<\/span><\/a><\/div><\/li>\n<li><div class=\"wp-block-latest-posts__featured-image\"><a href=\"https:\/\/mathis-backert.com\/adwize\/obs-vers-vlc\/\" aria-label=\"Envoyer un flux OBS vers VLC sur Amazon Firestick \/ Android TV\"><img decoding=\"async\" width=\"1024\" height=\"683\" data-src=\"https:\/\/mathis-backert.com\/adwize\/wp-content\/uploads\/9de65ca8-f810-44a6-92f9-ca88facc9923-1024x683.png\" class=\"attachment-large size-large wp-post-image lazyload\" alt=\"Envoyer un flux OBS vers VLC sur Amazon Firestick \/ Android TV\" data-srcset=\"https:\/\/mathis-backert.com\/adwize\/wp-content\/uploads\/9de65ca8-f810-44a6-92f9-ca88facc9923-1024x683.png 1024w, https:\/\/mathis-backert.com\/adwize\/wp-content\/uploads\/9de65ca8-f810-44a6-92f9-ca88facc9923-300x200.png 300w, https:\/\/mathis-backert.com\/adwize\/wp-content\/uploads\/9de65ca8-f810-44a6-92f9-ca88facc9923-768x512.png 768w, https:\/\/mathis-backert.com\/adwize\/wp-content\/uploads\/9de65ca8-f810-44a6-92f9-ca88facc9923.png 1536w\" data-sizes=\"(max-width: 1024px) 100vw, 1024px\" src=\"data:image\/svg+xml;base64,PHN2ZyB3aWR0aD0iMSIgaGVpZ2h0PSIxIiB4bWxucz0iaHR0cDovL3d3dy53My5vcmcvMjAwMC9zdmciPjwvc3ZnPg==\" style=\"--smush-placeholder-width: 1024px; --smush-placeholder-aspect-ratio: 1024\/683;\" \/><\/a><\/div><a class=\"wp-block-latest-posts__post-title\" href=\"https:\/\/mathis-backert.com\/adwize\/obs-vers-vlc\/\">Envoyer un flux OBS vers VLC sur Amazon Firestick \/ Android TV<\/a><time datetime=\"2025-12-08T16:57:42+01:00\" class=\"wp-block-latest-posts__post-date\">8 d\u00e9cembre 2025<\/time><div class=\"wp-block-latest-posts__post-excerpt\">Comment envoyer un flux vid\u00e9o OBS vers sa t\u00e9l\u00e9 gr\u00e2ce \u00e0 VLC Media Player, sur\u2026 <a class=\"wp-block-latest-posts__read-more\" href=\"https:\/\/mathis-backert.com\/adwize\/obs-vers-vlc\/\" rel=\"noopener noreferrer\">Lire la suite<span class=\"screen-reader-text\">\u00a0: Envoyer un flux OBS vers VLC sur Amazon Firestick \/ Android TV<\/span><\/a><\/div><\/li>\n<li><div class=\"wp-block-latest-posts__featured-image\"><a href=\"https:\/\/mathis-backert.com\/adwize\/nettoyer-sa-voiture-guide-ultime\/\" aria-label=\"Nettoyer sa voiture : guide ultime du lavage professionnel\"><img decoding=\"async\" width=\"1024\" height=\"683\" data-src=\"https:\/\/mathis-backert.com\/adwize\/wp-content\/uploads\/MiTo-vs-C3-1024x683.jpg\" class=\"attachment-large size-large wp-post-image lazyload\" alt=\"Nettoyer sa voiture\" data-srcset=\"https:\/\/mathis-backert.com\/adwize\/wp-content\/uploads\/MiTo-vs-C3-1024x683.jpg 1024w, https:\/\/mathis-backert.com\/adwize\/wp-content\/uploads\/MiTo-vs-C3-300x200.jpg 300w, https:\/\/mathis-backert.com\/adwize\/wp-content\/uploads\/MiTo-vs-C3-768x512.jpg 768w, https:\/\/mathis-backert.com\/adwize\/wp-content\/uploads\/MiTo-vs-C3.jpg 1536w\" data-sizes=\"(max-width: 1024px) 100vw, 1024px\" src=\"data:image\/svg+xml;base64,PHN2ZyB3aWR0aD0iMSIgaGVpZ2h0PSIxIiB4bWxucz0iaHR0cDovL3d3dy53My5vcmcvMjAwMC9zdmciPjwvc3ZnPg==\" style=\"--smush-placeholder-width: 1024px; --smush-placeholder-aspect-ratio: 1024\/683;\" \/><\/a><\/div><a class=\"wp-block-latest-posts__post-title\" href=\"https:\/\/mathis-backert.com\/adwize\/nettoyer-sa-voiture-guide-ultime\/\">Nettoyer sa voiture : guide ultime du lavage professionnel<\/a><time datetime=\"2025-12-03T13:13:49+01:00\" class=\"wp-block-latest-posts__post-date\">3 d\u00e9cembre 2025<\/time><div class=\"wp-block-latest-posts__post-excerpt\">Nettoyer sa voiture correctement demande une m\u00e9thode professionnelle et des produits adapt\u00e9s. Dans ce guide,\u2026 <a class=\"wp-block-latest-posts__read-more\" href=\"https:\/\/mathis-backert.com\/adwize\/nettoyer-sa-voiture-guide-ultime\/\" rel=\"noopener noreferrer\">Lire la suite<span class=\"screen-reader-text\">\u00a0: Nettoyer sa voiture : guide ultime du lavage professionnel<\/span><\/a><\/div><\/li>\n<li><div class=\"wp-block-latest-posts__featured-image\"><a href=\"https:\/\/mathis-backert.com\/adwize\/comment-bien-choisir-son-ecran\/\" aria-label=\"Comment bien choisir son \u00e9cran\"><img decoding=\"async\" width=\"1024\" height=\"706\" data-src=\"https:\/\/mathis-backert.com\/adwize\/wp-content\/uploads\/Ecran-Alienware-Unsplash-1024x706.jpg\" class=\"attachment-large size-large wp-post-image lazyload\" alt=\"\u00c9cran Alienware Unsplash\" data-srcset=\"https:\/\/mathis-backert.com\/adwize\/wp-content\/uploads\/Ecran-Alienware-Unsplash-1024x706.jpg 1024w, https:\/\/mathis-backert.com\/adwize\/wp-content\/uploads\/Ecran-Alienware-Unsplash-300x207.jpg 300w, https:\/\/mathis-backert.com\/adwize\/wp-content\/uploads\/Ecran-Alienware-Unsplash-768x529.jpg 768w, https:\/\/mathis-backert.com\/adwize\/wp-content\/uploads\/Ecran-Alienware-Unsplash-1536x1059.jpg 1536w, https:\/\/mathis-backert.com\/adwize\/wp-content\/uploads\/Ecran-Alienware-Unsplash.jpg 1567w\" data-sizes=\"(max-width: 1024px) 100vw, 1024px\" src=\"data:image\/svg+xml;base64,PHN2ZyB3aWR0aD0iMSIgaGVpZ2h0PSIxIiB4bWxucz0iaHR0cDovL3d3dy53My5vcmcvMjAwMC9zdmciPjwvc3ZnPg==\" style=\"--smush-placeholder-width: 1024px; --smush-placeholder-aspect-ratio: 1024\/706;\" \/><\/a><\/div><a class=\"wp-block-latest-posts__post-title\" href=\"https:\/\/mathis-backert.com\/adwize\/comment-bien-choisir-son-ecran\/\">Comment bien choisir son \u00e9cran<\/a><time datetime=\"2024-05-22T20:49:23+02:00\" class=\"wp-block-latest-posts__post-date\">22 mai 2024<\/time><div class=\"wp-block-latest-posts__post-excerpt\">Choisir un \u00e9cran ce n&rsquo;es jamais simple. Fort heureusement, il existe plusieurs m\u00e9triques que l&rsquo;on peut regarder.<\/div><\/li>\n<\/ul>","protected":false},"excerpt":{"rendered":"<p>Advice, pour conseil et Wise pour sage. Adwise \u00e9tant d\u00e9j\u00e0 utilis\u00e9 sans grande surprise, j&rsquo;ai opt\u00e9 pour Wize, qui veut dire sage \u00e9galement, mais en Frison occidental.<\/p>\n","protected":false},"author":1,"featured_media":0,"parent":0,"menu_order":0,"comment_status":"closed","ping_status":"closed","template":"","meta":{"_themeisle_gutenberg_block_has_review":false,"footnotes":""},"class_list":["post-2","page","type-page","status-publish","hentry"],"yoast_head":"<!-- This site is optimized with the Yoast SEO plugin v27.6 - https:\/\/yoast.com\/product\/yoast-seo-wordpress\/ -->\n<title>Accueil - Adwize<\/title>\n<meta name=\"description\" content=\"Advice, pour conseil et Wise pour sage. Adwise \u00e9tant d\u00e9j\u00e0 utilis\u00e9 sans grande surprise, j&#039;ai opt\u00e9 pour Wize, qui veut dire sage \u00e9galement.\" \/>\n<meta name=\"robots\" content=\"index, follow, max-snippet:-1, max-image-preview:large, max-video-preview:-1\" \/>\n<link rel=\"canonical\" href=\"https:\/\/mathis-backert.com\/adwize\/\" \/>\n<meta property=\"og:locale\" content=\"fr_FR\" \/>\n<meta property=\"og:type\" content=\"article\" \/>\n<meta property=\"og:title\" content=\"Accueil - Adwize\" \/>\n<meta property=\"og:description\" content=\"Advice, pour conseil et Wise pour sage. Adwise \u00e9tant d\u00e9j\u00e0 utilis\u00e9 sans grande surprise, j&#039;ai opt\u00e9 pour Wize, qui veut dire sage \u00e9galement.\" \/>\n<meta property=\"og:url\" content=\"https:\/\/mathis-backert.com\/adwize\/\" \/>\n<meta property=\"og:site_name\" content=\"Adwize\" \/>\n<meta property=\"article:modified_time\" content=\"2025-12-04T14:34:10+00:00\" \/>\n<meta name=\"twitter:card\" content=\"summary_large_image\" \/>\n<script type=\"application\/ld+json\" class=\"yoast-schema-graph\">{\"@context\":\"https:\\\/\\\/schema.org\",\"@graph\":[{\"@type\":\"WebPage\",\"@id\":\"https:\\\/\\\/mathis-backert.com\\\/adwize\\\/\",\"url\":\"https:\\\/\\\/mathis-backert.com\\\/adwize\\\/\",\"name\":\"Accueil - Adwize\",\"isPartOf\":{\"@id\":\"https:\\\/\\\/mathis-backert.com\\\/adwize\\\/#website\"},\"datePublished\":\"2023-11-08T15:25:17+00:00\",\"dateModified\":\"2025-12-04T14:34:10+00:00\",\"description\":\"Advice, pour conseil et Wise pour sage. Adwise \u00e9tant d\u00e9j\u00e0 utilis\u00e9 sans grande surprise, j'ai opt\u00e9 pour Wize, qui veut dire sage \u00e9galement.\",\"breadcrumb\":{\"@id\":\"https:\\\/\\\/mathis-backert.com\\\/adwize\\\/#breadcrumb\"},\"inLanguage\":\"fr-FR\",\"potentialAction\":[{\"@type\":\"ReadAction\",\"target\":[\"https:\\\/\\\/mathis-backert.com\\\/adwize\\\/\"]}]},{\"@type\":\"BreadcrumbList\",\"@id\":\"https:\\\/\\\/mathis-backert.com\\\/adwize\\\/#breadcrumb\",\"itemListElement\":[{\"@type\":\"ListItem\",\"position\":1,\"name\":\"Home\",\"item\":\"https:\\\/\\\/mathis-backert.com\\\/adwize\\\/\"},{\"@type\":\"ListItem\",\"position\":2,\"name\":\"Accueil\"}]},{\"@type\":\"WebSite\",\"@id\":\"https:\\\/\\\/mathis-backert.com\\\/adwize\\\/#website\",\"url\":\"https:\\\/\\\/mathis-backert.com\\\/adwize\\\/\",\"name\":\"Adwize\",\"description\":\"Adwize - Wise Advices\",\"publisher\":{\"@id\":\"https:\\\/\\\/mathis-backert.com\\\/adwize\\\/#organization\"},\"potentialAction\":[{\"@type\":\"SearchAction\",\"target\":{\"@type\":\"EntryPoint\",\"urlTemplate\":\"https:\\\/\\\/mathis-backert.com\\\/adwize\\\/?s={search_term_string}\"},\"query-input\":{\"@type\":\"PropertyValueSpecification\",\"valueRequired\":true,\"valueName\":\"search_term_string\"}}],\"inLanguage\":\"fr-FR\"},{\"@type\":\"Organization\",\"@id\":\"https:\\\/\\\/mathis-backert.com\\\/adwize\\\/#organization\",\"name\":\"Adwize\",\"url\":\"https:\\\/\\\/mathis-backert.com\\\/adwize\\\/\",\"logo\":{\"@type\":\"ImageObject\",\"inLanguage\":\"fr-FR\",\"@id\":\"https:\\\/\\\/mathis-backert.com\\\/adwize\\\/#\\\/schema\\\/logo\\\/image\\\/\",\"url\":\"https:\\\/\\\/mathis-backert.com\\\/adwize\\\/wp-content\\\/uploads\\\/Adwize-logo.png\",\"contentUrl\":\"https:\\\/\\\/mathis-backert.com\\\/adwize\\\/wp-content\\\/uploads\\\/Adwize-logo.png\",\"width\":1024,\"height\":1024,\"caption\":\"Adwize\"},\"image\":{\"@id\":\"https:\\\/\\\/mathis-backert.com\\\/adwize\\\/#\\\/schema\\\/logo\\\/image\\\/\"}}]}<\/script>\n<!-- \/ Yoast SEO plugin. -->","yoast_head_json":{"title":"Accueil - Adwize","description":"Advice, pour conseil et Wise pour sage. Adwise \u00e9tant d\u00e9j\u00e0 utilis\u00e9 sans grande surprise, j'ai opt\u00e9 pour Wize, qui veut dire sage \u00e9galement.","robots":{"index":"index","follow":"follow","max-snippet":"max-snippet:-1","max-image-preview":"max-image-preview:large","max-video-preview":"max-video-preview:-1"},"canonical":"https:\/\/mathis-backert.com\/adwize\/","og_locale":"fr_FR","og_type":"article","og_title":"Accueil - Adwize","og_description":"Advice, pour conseil et Wise pour sage. Adwise \u00e9tant d\u00e9j\u00e0 utilis\u00e9 sans grande surprise, j'ai opt\u00e9 pour Wize, qui veut dire sage \u00e9galement.","og_url":"https:\/\/mathis-backert.com\/adwize\/","og_site_name":"Adwize","article_modified_time":"2025-12-04T14:34:10+00:00","twitter_card":"summary_large_image","schema":{"@context":"https:\/\/schema.org","@graph":[{"@type":"WebPage","@id":"https:\/\/mathis-backert.com\/adwize\/","url":"https:\/\/mathis-backert.com\/adwize\/","name":"Accueil - Adwize","isPartOf":{"@id":"https:\/\/mathis-backert.com\/adwize\/#website"},"datePublished":"2023-11-08T15:25:17+00:00","dateModified":"2025-12-04T14:34:10+00:00","description":"Advice, pour conseil et Wise pour sage. Adwise \u00e9tant d\u00e9j\u00e0 utilis\u00e9 sans grande surprise, j'ai opt\u00e9 pour Wize, qui veut dire sage \u00e9galement.","breadcrumb":{"@id":"https:\/\/mathis-backert.com\/adwize\/#breadcrumb"},"inLanguage":"fr-FR","potentialAction":[{"@type":"ReadAction","target":["https:\/\/mathis-backert.com\/adwize\/"]}]},{"@type":"BreadcrumbList","@id":"https:\/\/mathis-backert.com\/adwize\/#breadcrumb","itemListElement":[{"@type":"ListItem","position":1,"name":"Home","item":"https:\/\/mathis-backert.com\/adwize\/"},{"@type":"ListItem","position":2,"name":"Accueil"}]},{"@type":"WebSite","@id":"https:\/\/mathis-backert.com\/adwize\/#website","url":"https:\/\/mathis-backert.com\/adwize\/","name":"Adwize","description":"Adwize - Wise Advices","publisher":{"@id":"https:\/\/mathis-backert.com\/adwize\/#organization"},"potentialAction":[{"@type":"SearchAction","target":{"@type":"EntryPoint","urlTemplate":"https:\/\/mathis-backert.com\/adwize\/?s={search_term_string}"},"query-input":{"@type":"PropertyValueSpecification","valueRequired":true,"valueName":"search_term_string"}}],"inLanguage":"fr-FR"},{"@type":"Organization","@id":"https:\/\/mathis-backert.com\/adwize\/#organization","name":"Adwize","url":"https:\/\/mathis-backert.com\/adwize\/","logo":{"@type":"ImageObject","inLanguage":"fr-FR","@id":"https:\/\/mathis-backert.com\/adwize\/#\/schema\/logo\/image\/","url":"https:\/\/mathis-backert.com\/adwize\/wp-content\/uploads\/Adwize-logo.png","contentUrl":"https:\/\/mathis-backert.com\/adwize\/wp-content\/uploads\/Adwize-logo.png","width":1024,"height":1024,"caption":"Adwize"},"image":{"@id":"https:\/\/mathis-backert.com\/adwize\/#\/schema\/logo\/image\/"}}]}},"_links":{"self":[{"href":"https:\/\/mathis-backert.com\/adwize\/wp-json\/wp\/v2\/pages\/2","targetHints":{"allow":["GET"]}}],"collection":[{"href":"https:\/\/mathis-backert.com\/adwize\/wp-json\/wp\/v2\/pages"}],"about":[{"href":"https:\/\/mathis-backert.com\/adwize\/wp-json\/wp\/v2\/types\/page"}],"author":[{"embeddable":true,"href":"https:\/\/mathis-backert.com\/adwize\/wp-json\/wp\/v2\/users\/1"}],"replies":[{"embeddable":true,"href":"https:\/\/mathis-backert.com\/adwize\/wp-json\/wp\/v2\/comments?post=2"}],"version-history":[{"count":10,"href":"https:\/\/mathis-backert.com\/adwize\/wp-json\/wp\/v2\/pages\/2\/revisions"}],"predecessor-version":[{"id":509,"href":"https:\/\/mathis-backert.com\/adwize\/wp-json\/wp\/v2\/pages\/2\/revisions\/509"}],"wp:attachment":[{"href":"https:\/\/mathis-backert.com\/adwize\/wp-json\/wp\/v2\/media?parent=2"}],"curies":[{"name":"wp","href":"https:\/\/api.w.org\/{rel}","templated":true}]}}